{"id":541,"date":"2024-05-01T14:12:23","date_gmt":"2024-05-01T12:12:23","guid":{"rendered":"https:\/\/serviziglobaliras.it\/?page_id=541"},"modified":"2024-10-13T12:42:16","modified_gmt":"2024-10-13T10:42:16","slug":"verifiche-periodiche-impianti-di-messa-a-terra","status":"publish","type":"page","link":"https:\/\/www.serviziglobaliras.it\/index.php\/verifiche-periodiche-impianti-di-messa-a-terra\/","title":{"rendered":"Verifiche periodiche impianti di messa a terra"},"content":{"rendered":"<p>[et_pb_section fb_built=&#8221;1&#8243; _builder_version=&#8221;4.24.1&#8243; _module_preset=&#8221;default&#8221; background_enable_pattern_style=&#8221;on&#8221; background_pattern_style=&#8221;squares&#8221; background_pattern_color=&#8221;rgba(178,178,178,0.05)&#8221; custom_margin_tablet=&#8221;&#8221; custom_margin_phone=&#8221;-80px||||false|false&#8221; custom_margin_last_edited=&#8221;on|phone&#8221; custom_padding=&#8221;96px||4px||false|&#8221; border_width_top=&#8221;1px&#8221; border_color_top=&#8221;#f9f9f9&#8243; saved_tabs=&#8221;all&#8221; global_colors_info=&#8221;{}&#8221;][et_pb_row _builder_version=&#8221;4.24.0&#8243; _module_preset=&#8221;default&#8221; max_width=&#8221;1800px&#8221; custom_padding=&#8221;48px|||||&#8221; locked=&#8221;off&#8221; global_colors_info=&#8221;{}&#8221;][et_pb_column type=&#8221;4_4&#8243; _builder_version=&#8221;4.22.0&#8243; _module_preset=&#8221;default&#8221; global_colors_info=&#8221;{}&#8221;][et_pb_text _builder_version=&#8221;4.24.3&#8243; _module_preset=&#8221;6b90ce02-2958-4620-93a9-1c7387861df8&#8243; header_2_font_size=&#8221;4vw&#8221; header_3_font=&#8221;Inter|||on|on||||&#8221; header_3_font_size_tablet=&#8221;&#8221; header_3_font_size_phone=&#8221;16px&#8221; header_3_font_size_last_edited=&#8221;on|phone&#8221; global_colors_info=&#8221;{}&#8221;]<\/p>\n<h2>Verifiche periodiche impianti di messa a terra<\/h2>\n<h3>Verifiche Periodiche Impianti Elettrici ai sensi del D.P.R. 462\/01<\/h3>\n<p>[\/et_pb_text][et_pb_text _builder_version=&#8221;4.27.2&#8243; _module_preset=&#8221;578f6f99-38a9-47af-bda9-5b510ed42a2e&#8221; text_font_size=&#8221;16px&#8221; custom_margin=&#8221;||25px|||&#8221; hover_enabled=&#8221;0&#8243; locked=&#8221;off&#8221; global_colors_info=&#8221;{}&#8221; sticky_enabled=&#8221;0&#8243;]<\/p>\n<p>SERVIZI GLOBALI RAS offre servizi completi di Verifiche Periodiche Impianti Elettrici in conformit\u00e0 con il D.P.R. 462\/01. Dal 23 gennaio 2002, \u00e8 diventato obbligatorio per tutti i datori di lavoro richiedere e condurre regolarmente verifiche periodiche e straordinarie per una serie di impianti elettrici critici. Questi includono gli impianti di messa a terra, le installazioni e i dispositivi di protezione contro le scariche atmosferiche e gli impianti elettrici situati in ambienti a rischio di esplosione. Con la nostra competenza e professionalit\u00e0, garantiamo che gli impianti elettrici siano conformi ai requisiti normativi e operino in modo sicuro e affidabile.<\/p>\n<p>[\/et_pb_text][et_pb_button button_url=&#8221;@ET-DC@eyJkeW5hbWljIjp0cnVlLCJjb250ZW50IjoicG9zdF9saW5rX3VybF9wYWdlIiwic2V0dGluZ3MiOnsicG9zdF9pZCI6IjE3OCJ9fQ==@&#8221; button_text=&#8221;Richiedi informazioni&#8221; button_alignment=&#8221;left&#8221; _builder_version=&#8221;4.24.3&#8243; _dynamic_attributes=&#8221;button_url&#8221; _module_preset=&#8221;43fb3c42-05af-4b55-a8db-97d393273d24&#8243; button_font=&#8221;Inter|700||on|||||&#8221; locked=&#8221;off&#8221; global_colors_info=&#8221;{}&#8221;][\/et_pb_button][\/et_pb_column][\/et_pb_row][\/et_pb_section][et_pb_section fb_built=&#8221;1&#8243; _builder_version=&#8221;4.24.3&#8243; _module_preset=&#8221;default&#8221; background_enable_color=&#8221;off&#8221; custom_padding=&#8221;86px|||||&#8221; locked=&#8221;off&#8221; global_colors_info=&#8221;{}&#8221;][et_pb_row column_structure=&#8221;2_5,3_5&#8243; use_custom_gutter=&#8221;on&#8221; gutter_width=&#8221;2&#8243; make_equal=&#8221;on&#8221; _builder_version=&#8221;4.24.3&#8243; _module_preset=&#8221;default&#8221; max_width=&#8221;1800px&#8221; custom_margin=&#8221;|auto|11px|auto||&#8221; custom_padding=&#8221;0px||||false|false&#8221; locked=&#8221;off&#8221; global_colors_info=&#8221;{}&#8221;][et_pb_column type=&#8221;2_5&#8243; _builder_version=&#8221;4.24.3&#8243; _module_preset=&#8221;default&#8221; global_colors_info=&#8221;{}&#8221;][et_pb_image src=&#8221;http:\/\/serviziglobaliras.it\/wp-content\/uploads\/2024\/05\/logo.png&#8221; title_text=&#8221;logo&#8221; align=&#8221;center&#8221; _builder_version=&#8221;4.24.3&#8243; _module_preset=&#8221;default&#8221; global_colors_info=&#8221;{}&#8221;][\/et_pb_image][\/et_pb_column][et_pb_column type=&#8221;3_5&#8243; _builder_version=&#8221;4.24.3&#8243; _module_preset=&#8221;default&#8221; global_colors_info=&#8221;{}&#8221;][et_pb_text _builder_version=&#8221;4.24.1&#8243; _module_preset=&#8221;578f6f99-38a9-47af-bda9-5b510ed42a2e&#8221; text_font_size=&#8221;16px&#8221; custom_margin=&#8221;||25px|||&#8221; locked=&#8221;off&#8221; global_colors_info=&#8221;{}&#8221;]<\/p>\n<p>Le verifiche di legge secondo il DPR 462 devono essere eseguite da tutte le attivit\u00e0 lavorative che abbiano almeno un lavoratore al proprio interno. L&#8217;obbligo \u00e8 indipendente dal tipo di attivit\u00e0, basta la presenza di un lavoratore.<\/p>\n<p>[\/et_pb_text][et_pb_button button_url=&#8221;@ET-DC@eyJkeW5hbWljIjp0cnVlLCJjb250ZW50IjoicG9zdF9saW5rX3VybF9wYWdlIiwic2V0dGluZ3MiOnsicG9zdF9pZCI6IjE3OCJ9fQ==@&#8221; button_text=&#8221;Richiedi informazioni&#8221; button_alignment=&#8221;left&#8221; _builder_version=&#8221;4.24.3&#8243; _dynamic_attributes=&#8221;button_url&#8221; _module_preset=&#8221;43fb3c42-05af-4b55-a8db-97d393273d24&#8243; button_font=&#8221;Inter|700||on|||||&#8221; locked=&#8221;off&#8221; global_colors_info=&#8221;{}&#8221;][\/et_pb_button][\/et_pb_column][\/et_pb_row][\/et_pb_section][et_pb_section fb_built=&#8221;1&#8243; _builder_version=&#8221;4.24.3&#8243; _module_preset=&#8221;default&#8221; background_enable_color=&#8221;off&#8221; custom_padding=&#8221;81px|||||&#8221; locked=&#8221;off&#8221; global_colors_info=&#8221;{}&#8221;][et_pb_row _builder_version=&#8221;4.24.3&#8243; _module_preset=&#8221;default&#8221; global_colors_info=&#8221;{}&#8221;][et_pb_column type=&#8221;4_4&#8243; _builder_version=&#8221;4.24.3&#8243; _module_preset=&#8221;default&#8221; global_colors_info=&#8221;{}&#8221;][et_pb_text _builder_version=&#8221;4.24.3&#8243; _module_preset=&#8221;6b90ce02-2958-4620-93a9-1c7387861df8&#8243; header_2_font_size=&#8221;3vw&#8221; header_3_font=&#8221;Inter|||on|on||||&#8221; custom_margin=&#8221;||10px|||&#8221; header_3_font_size_tablet=&#8221;&#8221; header_3_font_size_phone=&#8221;16px&#8221; header_3_font_size_last_edited=&#8221;on|phone&#8221; global_colors_info=&#8221;{}&#8221;]<\/p>\n<h2>GLI STANDARD DI SISTEMA CERTIFICABILI<\/h2>\n<p>[\/et_pb_text][et_pb_text _builder_version=&#8221;4.24.3&#8243; _module_preset=&#8221;6b90ce02-2958-4620-93a9-1c7387861df8&#8243; header_2_font_size=&#8221;2vw&#8221; header_3_font=&#8221;Inter|||on|on||||&#8221; header_3_font_size_tablet=&#8221;&#8221; header_3_font_size_phone=&#8221;16px&#8221; header_3_font_size_last_edited=&#8221;on|phone&#8221; global_colors_info=&#8221;{}&#8221;]<\/p>\n<h3>da parte di un Ente Terzo o Ente di Certificazione accreditato<\/h3>\n<p>[\/et_pb_text][\/et_pb_column][\/et_pb_row][et_pb_row use_custom_gutter=&#8221;on&#8221; gutter_width=&#8221;2&#8243; make_equal=&#8221;on&#8221; _builder_version=&#8221;4.24.3&#8243; _module_preset=&#8221;default&#8221; max_width=&#8221;1800px&#8221; custom_margin=&#8221;|auto|35px|auto||&#8221; custom_padding=&#8221;0px||||false|false&#8221; locked=&#8221;off&#8221; global_colors_info=&#8221;{}&#8221;][et_pb_column type=&#8221;4_4&#8243; _builder_version=&#8221;4.24.3&#8243; _module_preset=&#8221;default&#8221; global_colors_info=&#8221;{}&#8221;][et_pb_text _builder_version=&#8221;4.24.3&#8243; _module_preset=&#8221;578f6f99-38a9-47af-bda9-5b510ed42a2e&#8221; text_font_size=&#8221;16px&#8221; custom_margin=&#8221;||25px|||&#8221; locked=&#8221;off&#8221; global_colors_info=&#8221;{}&#8221;]<\/p>\n<p><strong>La Certificazione secondo lo standard internazionale UNI EN ISO 9001:2015:<\/strong><br \/>La Norma ISO 9001 stabilisce i criteri per un sistema di gestione della qualit\u00e0 che si concentra sull&#8217;efficacia dei processi aziendali, aiuta a lavorare in modo pi\u00f9 efficiente ed a ridurre gli errori.<\/p>\n<p>[\/et_pb_text][et_pb_text _builder_version=&#8221;4.24.1&#8243; _module_preset=&#8221;578f6f99-38a9-47af-bda9-5b510ed42a2e&#8221; text_font_size=&#8221;16px&#8221; custom_margin=&#8221;||25px|||&#8221; locked=&#8221;off&#8221; global_colors_info=&#8221;{}&#8221;]<\/p>\n<p><strong>La Certificazione secondo lo standard internazionale UNI ISO 45001:2018:<\/strong><br \/>La Norma ISO 45001 aiuta a migliorare le politiche di prevenzione e fornisce strumenti riconosciuti a livello internazionale per contrastare in maniera sempre pi\u00f9 efficace infortuni e malattie professionali. \u00c8 la prima norma internazionale a definire gli standard minimi di buona pratica per la protezione dei lavoratori in tutto il mondo. La UNI ISO 45001 consente alle organizzazioni di attuare un sistema di gestione della salute e della sicurezza sul lavoro che aiuta le organizzazioni a gestire meglio i rischi, a migliorare le loro prestazioni, attraverso la creazione e l&#8217;attuazione di politiche e di obiettivi efficaci. Le aziende certificate ISO 45001 possono beneficiare di sgravi fiscali INAIL sulla base del numero di lavoratori presenti in azienda.<\/p>\n<p>[\/et_pb_text][et_pb_text _builder_version=&#8221;4.24.1&#8243; _module_preset=&#8221;578f6f99-38a9-47af-bda9-5b510ed42a2e&#8221; text_font_size=&#8221;16px&#8221; custom_margin=&#8221;||25px|||&#8221; locked=&#8221;off&#8221; global_colors_info=&#8221;{}&#8221;]<\/p>\n<p><strong>La Certificazione secondo lo standard internazionale UNI EN ISO 14001:2015:<\/strong><br \/>La Norma ISO 14001 \u00e8 una norma internazionale ad adesione volontaria che fornisce un quadro di gestione chiaro per ridurre l&#8217;impatto ambientale di un&#8217;organizzazione e per assicurare di soddisfare i requisiti legali e costruire la fiducia degli stakeholders: le parti interessate.<\/p>\n<p>[\/et_pb_text][et_pb_text _builder_version=&#8221;4.24.1&#8243; _module_preset=&#8221;578f6f99-38a9-47af-bda9-5b510ed42a2e&#8221; text_font_size=&#8221;16px&#8221; custom_margin=&#8221;||25px|||&#8221; locked=&#8221;off&#8221; global_colors_info=&#8221;{}&#8221;]<\/p>\n<p><strong>La Certificazione secondo lo standard internazionale UNI EN 1090:<\/strong><br \/>La certificazione secondo la Norma UNI EN 1090 \u00e8 una certificazione obbligatoria a partire dal luglio 2014 per tutti i produttori di componenti strutturali in acciaio e alluminio. Viene certificata la capacit\u00e0 di una azienda a produrre materiale che risponde a tutte le caratteristiche qualitative richieste dalle norme UNI EN 1090 parte 1, 2 e 3, da parte di un ente terzo denominato ente di certificazione.<\/p>\n<p>[\/et_pb_text][et_pb_text _builder_version=&#8221;4.24.1&#8243; _module_preset=&#8221;578f6f99-38a9-47af-bda9-5b510ed42a2e&#8221; text_font_size=&#8221;16px&#8221; custom_margin=&#8221;||25px|||&#8221; locked=&#8221;off&#8221; global_colors_info=&#8221;{}&#8221;]<\/p>\n<p><strong>La CERTIFICAZIONE ETICA-SOCIALE secondo gli standard SA 8000:<\/strong><br \/>Lo Standard SA8000, conosciuto anche come norma SA8000\u00a0o Certificazione Etica SA 8000 \u00e8 il primo standard certificabile relativo alla tutela dei diritti dei lavoratori.\u00a0Rappresenta uno\u00a0standard di riferimento\u00a0riconosciuto a livello mondiale nato con l\u2019obiettivo di garantire\u00a0ottimali condizioni di lavoro. La Certificazione Etica SA 8000 \u00e8 uno standard accreditato che risponde alle esigenze delle organizzazioni che intendono distinguersi per il loro impegno nello sviluppo sostenibile, con particolare attenzione alle tematiche sociali.<\/p>\n<p>[\/et_pb_text][\/et_pb_column][\/et_pb_row][\/et_pb_section][et_pb_section fb_built=&#8221;1&#8243; specialty=&#8221;on&#8221; admin_label=&#8221;Footer&#8221; _builder_version=&#8221;4.24.0&#8243; _module_preset=&#8221;default&#8221; background_color=&#8221;gcid-a93f2103-1d8b-43bb-b21d-81d84bba8b15&#8243; inner_max_width=&#8221;1800px&#8221; overflow-x=&#8221;hidden&#8221; overflow-y=&#8221;hidden&#8221; custom_padding=&#8221;||0px|||&#8221; global_module=&#8221;54&#8243; saved_tabs=&#8221;all&#8221; global_colors_info=&#8221;{%22gcid-a93f2103-1d8b-43bb-b21d-81d84bba8b15%22:%91%22background_color%22%93}&#8221;][et_pb_column type=&#8221;3_4&#8243; specialty_columns=&#8221;3&#8243; _builder_version=&#8221;4.16&#8243; _module_preset=&#8221;default&#8221; custom_padding=&#8221;|||&#8221; global_colors_info=&#8221;{}&#8221; custom_padding__hover=&#8221;|||&#8221;][et_pb_row_inner _builder_version=&#8221;4.24.0&#8243; _module_preset=&#8221;default&#8221; custom_padding=&#8221;||20px||false|false&#8221; locked=&#8221;off&#8221; global_colors_info=&#8221;{}&#8221;][et_pb_column_inner saved_specialty_column_type=&#8221;3_4&#8243; _builder_version=&#8221;4.22.0&#8243; _module_preset=&#8221;default&#8221; global_colors_info=&#8221;{}&#8221;][et_pb_text _builder_version=&#8221;4.22.0&#8243; _module_preset=&#8221;6b90ce02-2958-4620-93a9-1c7387861df8&#8243; global_colors_info=&#8221;{}&#8221;]<\/p>\n<h2>Per un mondo in costante evoluzione\u00a0<\/h2>\n<p>[\/et_pb_text][\/et_pb_column_inner][\/et_pb_row_inner][et_pb_row_inner column_structure=&#8221;1_2,1_2&#8243; _builder_version=&#8221;4.22.0&#8243; _module_preset=&#8221;default&#8221; custom_padding=&#8221;0px|||||&#8221; locked=&#8221;off&#8221; global_colors_info=&#8221;{}&#8221;][et_pb_column_inner type=&#8221;1_2&#8243; saved_specialty_column_type=&#8221;3_4&#8243; _builder_version=&#8221;4.22.0&#8243; _module_preset=&#8221;default&#8221; global_colors_info=&#8221;{}&#8221;][et_pb_blurb title=&#8221;Indirizzo&#8221; image_icon_background_color=&#8221;gcid-a93f2103-1d8b-43bb-b21d-81d84bba8b15&#8243; _builder_version=&#8221;4.24.1&#8243; _module_preset=&#8221;2b6adc90-be07-4140-b589-8911c2390f1a&#8221; custom_margin=&#8221;||30px||false|false&#8221; locked=&#8221;off&#8221; global_colors_info=&#8221;{%22gcid-779a3d53-700b-4950-9fae-611323b51b16%22:%91%22body_link_text_color%22%93,%22gcid-a93f2103-1d8b-43bb-b21d-81d84bba8b15%22:%91%22image_icon_background_color%22%93}&#8221;]<\/p>\n<p>Via Cesare Battisti 6 &#8211; 04100, Latina (LT)<\/p>\n<p>[\/et_pb_blurb][et_pb_blurb title=&#8221;Recapiti&#8221; image_icon_background_color=&#8221;gcid-a93f2103-1d8b-43bb-b21d-81d84bba8b15&#8243; _builder_version=&#8221;4.24.1&#8243; _module_preset=&#8221;2b6adc90-be07-4140-b589-8911c2390f1a&#8221; custom_margin=&#8221;||30px||false|false&#8221; locked=&#8221;off&#8221; global_colors_info=&#8221;{%22gcid-779a3d53-700b-4950-9fae-611323b51b16%22:%91%22body_link_text_color%22,%22body_link_text_color%22,%22body_link_text_color%22,%22body_link_text_color%22,%22body_link_text_color%22,%22body_link_text_color%22%93,%22gcid-a93f2103-1d8b-43bb-b21d-81d84bba8b15%22:%91%22image_icon_background_color%22,%22image_icon_background_color%22,%22image_icon_background_color%22,%22image_icon_background_color%22,%22image_icon_background_color%22,%22image_icon_background_color%22%93}&#8221;]<\/p>\n<p><a href=\"tel:+390773629020\">+39 0773 629020<\/a><br \/><a href=\"tel:+393513276110\">+39 351 3276110<\/a><\/p>\n<p>[\/et_pb_blurb][et_pb_blurb title=&#8221;Orari Studio&#8221; image_icon_background_color=&#8221;gcid-a93f2103-1d8b-43bb-b21d-81d84bba8b15&#8243; _builder_version=&#8221;4.25.0&#8243; _module_preset=&#8221;2b6adc90-be07-4140-b589-8911c2390f1a&#8221; custom_margin=&#8221;||30px||false|false&#8221; locked=&#8221;off&#8221; global_colors_info=&#8221;{%22gcid-779a3d53-700b-4950-9fae-611323b51b16%22:%91%22body_link_text_color%22%93,%22gcid-a93f2103-1d8b-43bb-b21d-81d84bba8b15%22:%91%22image_icon_background_color%22%93}&#8221;]<\/p>\n<p class=\"p1\">Lun &#8211; Ven:\u00a0 9:00-13:00<span class=\"Apple-converted-space\">\u00a0 <\/span>\/ 15:00-18:00<\/p>\n<p>[\/et_pb_blurb][\/et_pb_column_inner][et_pb_column_inner type=&#8221;1_2&#8243; saved_specialty_column_type=&#8221;3_4&#8243; _builder_version=&#8221;4.22.0&#8243; _module_preset=&#8221;default&#8221; global_colors_info=&#8221;{}&#8221;][et_pb_blurb title=&#8221;Link Utili&#8221; image_icon_background_color=&#8221;gcid-a93f2103-1d8b-43bb-b21d-81d84bba8b15&#8243; _builder_version=&#8221;4.24.1&#8243; _module_preset=&#8221;2b6adc90-be07-4140-b589-8911c2390f1a&#8221; custom_margin=&#8221;||30px||false|false&#8221; locked=&#8221;off&#8221; global_colors_info=&#8221;{%22gcid-779a3d53-700b-4950-9fae-611323b51b16%22:%91%22body_link_text_color%22,%22body_link_text_color%22,%22body_link_text_color%22,%22body_link_text_color%22,%22body_link_text_color%22,%22body_link_text_color%22%93,%22gcid-a93f2103-1d8b-43bb-b21d-81d84bba8b15%22:%91%22image_icon_background_color%22,%22image_icon_background_color%22,%22image_icon_background_color%22,%22image_icon_background_color%22,%22image_icon_background_color%22,%22image_icon_background_color%22%93}&#8221;]<\/p>\n<p><a href=\"https:\/\/serviziglobaliras.it\/index.php\/company\/\">Azienda<\/a><br \/><a href=\"https:\/\/serviziglobaliras.it\/index.php\/corsi-sulla-sicurezza\/\">Corsi sulla Sicurezza<\/a><br \/><a href=\"https:\/\/serviziglobaliras.it\/index.php\/formazione-finanziata\/\">Formazione Finanziata<\/a><br \/><a href=\"https:\/\/serviziglobaliras.it\/index.php\/medicina-del-lavoro\/\">Medicina del Lavoro<\/a><br \/><a href=\"https:\/\/serviziglobaliras.it\/index.php\/contatti\/\">Contatti<\/a><\/p>\n<p>[\/et_pb_blurb][et_pb_image src=&#8221;http:\/\/serviziglobaliras.it\/wp-content\/uploads\/2024\/05\/LOGOOPN2019NUOVO.png&#8221; title_text=&#8221;LOGOOPN2019NUOVO&#8221; _builder_version=&#8221;4.25.0&#8243; _module_preset=&#8221;default&#8221; width=&#8221;40%&#8221; width_tablet=&#8221;&#8221; width_phone=&#8221;43%&#8221; width_last_edited=&#8221;on|phone&#8221; max_width=&#8221;130px&#8221; module_alignment=&#8221;left&#8221; custom_margin=&#8221;39px|||-5px|false|false&#8221; custom_padding=&#8221;|||0px|false|false&#8221; global_colors_info=&#8221;{}&#8221;][\/et_pb_image][\/et_pb_column_inner][\/et_pb_row_inner][\/et_pb_column][et_pb_column type=&#8221;1_4&#8243; _builder_version=&#8221;4.16&#8243; _module_preset=&#8221;default&#8221; custom_padding=&#8221;|||&#8221; global_colors_info=&#8221;{}&#8221; custom_padding__hover=&#8221;|||&#8221;][et_pb_image src=&#8221;https:\/\/serviziglobaliras.it\/wp-content\/uploads\/2024\/02\/logo-ras-servizi-globali.png&#8221; title_text=&#8221;logo-ras-servizi-globali&#8221; disabled_on=&#8221;on|on|off&#8221; _builder_version=&#8221;4.24.1&#8243; _module_preset=&#8221;default&#8221; width=&#8221;72%&#8221; custom_margin=&#8221;||27px|-9px|false|false&#8221; custom_padding=&#8221;0px||0px||false|false&#8221; border_radii=&#8221;on|30px|30px|30px|30px&#8221; locked=&#8221;off&#8221; global_colors_info=&#8221;{}&#8221;][\/et_pb_image][et_pb_blurb title=&#8221;Email&#8221; image_icon_background_color=&#8221;gcid-a93f2103-1d8b-43bb-b21d-81d84bba8b15&#8243; _builder_version=&#8221;4.25.0&#8243; _module_preset=&#8221;2b6adc90-be07-4140-b589-8911c2390f1a&#8221; custom_margin=&#8221;||30px||false|false&#8221; locked=&#8221;off&#8221; global_colors_info=&#8221;{%22gcid-779a3d53-700b-4950-9fae-611323b51b16%22:%91%22body_link_text_color%22,%22body_link_text_color%22,%22body_link_text_color%22,%22body_link_text_color%22,%22body_link_text_color%22,%22body_link_text_color%22%93,%22gcid-a93f2103-1d8b-43bb-b21d-81d84bba8b15%22:%91%22image_icon_background_color%22,%22image_icon_background_color%22,%22image_icon_background_color%22,%22image_icon_background_color%22,%22image_icon_background_color%22,%22image_icon_background_color%22%93}&#8221;]<a href=\"info@serviziglobaliras.it\">info@serviziglobaliras.it<\/a>[\/et_pb_blurb][et_pb_button button_url=&#8221;@ET-DC@eyJkeW5hbWljIjp0cnVlLCJjb250ZW50IjoicG9zdF9saW5rX3VybF9wYWdlIiwic2V0dGluZ3MiOnsicG9zdF9pZCI6IjE3OCJ9fQ==@&#8221; button_text=&#8221;Richiedi informazioni&#8221; _builder_version=&#8221;4.24.3&#8243; _dynamic_attributes=&#8221;button_url&#8221; _module_preset=&#8221;43fb3c42-05af-4b55-a8db-97d393273d24&#8243; custom_margin=&#8221;30px||||false|false&#8221; custom_margin_tablet=&#8221;&#8221; custom_margin_phone=&#8221;30px||50px||false|false&#8221; custom_margin_last_edited=&#8221;on|phone&#8221; global_colors_info=&#8221;{}&#8221;][\/et_pb_button][\/et_pb_column][\/et_pb_section]<\/p>\n","protected":false},"excerpt":{"rendered":"<p>Verifiche periodiche impianti di messa a terra Verifiche Periodiche Impianti Elettrici ai sensi del D.P.R. 462\/01SERVIZI GLOBALI RAS offre servizi completi di Verifiche Periodiche Impianti Elettrici in conformit\u00e0 con il D.P.R. 462\/01. Dal 23 gennaio 2002, \u00e8 diventato obbligatorio per tutti i datori di lavoro richiedere e condurre regolarmente verifiche periodiche e straordinarie per una [&hellip;]<\/p>\n","protected":false},"author":1,"featured_media":0,"parent":0,"menu_order":0,"comment_status":"closed","ping_status":"closed","template":"","meta":{"_et_pb_use_builder":"on","_et_pb_old_content":"","_et_gb_content_width":"","footnotes":""},"class_list":["post-541","page","type-page","status-publish","hentry"],"_links":{"self":[{"href":"https:\/\/www.serviziglobaliras.it\/index.php\/wp-json\/wp\/v2\/pages\/541","targetHints":{"allow":["GET"]}}],"collection":[{"href":"https:\/\/www.serviziglobaliras.it\/index.php\/wp-json\/wp\/v2\/pages"}],"about":[{"href":"https:\/\/www.serviziglobaliras.it\/index.php\/wp-json\/wp\/v2\/types\/page"}],"author":[{"embeddable":true,"href":"https:\/\/www.serviziglobaliras.it\/index.php\/wp-json\/wp\/v2\/users\/1"}],"replies":[{"embeddable":true,"href":"https:\/\/www.serviziglobaliras.it\/index.php\/wp-json\/wp\/v2\/comments?post=541"}],"version-history":[{"count":9,"href":"https:\/\/www.serviziglobaliras.it\/index.php\/wp-json\/wp\/v2\/pages\/541\/revisions"}],"predecessor-version":[{"id":663,"href":"https:\/\/www.serviziglobaliras.it\/index.php\/wp-json\/wp\/v2\/pages\/541\/revisions\/663"}],"wp:attachment":[{"href":"https:\/\/www.serviziglobaliras.it\/index.php\/wp-json\/wp\/v2\/media?parent=541"}],"curies":[{"name":"wp","href":"https:\/\/api.w.org\/{rel}","templated":true}]}}